{"id":2183,"date":"2019-02-07T07:59:35","date_gmt":"2019-02-07T07:59:35","guid":{"rendered":"http:\/\/babystreet.althemist.com\/?page_id=2183"},"modified":"2021-11-21T08:58:30","modified_gmt":"2021-11-21T08:58:30","slug":"contacts","status":"publish","type":"page","link":"https:\/\/energystudio-agency.ro\/demo2\/contacts\/","title":{"rendered":"Contact"},"content":{"rendered":"<p>[vc_row css=&#8221;.vc_custom_1549635049059{margin-bottom: 0px !important;padding-top: 80px !important;padding-bottom: 80px !important;}&#8221;][vc_column width=&#8221;1\/6&#8243;][\/vc_column][vc_column width=&#8221;2\/3&#8243;][vc_column_text]<\/p>\n<h2 style=\"text-align: center;\">Aveti intrebari ?<\/h2>\n<p>[\/vc_column_text][vc_column_text]<\/p>\n<h6 style=\"text-align: center;\">Sau doar vreau s\u0103 spun Bun\u0103. Ne-ar pl\u0103cea s\u0103 v\u0103 cunoa\u0219tem. Poveste\u0219te-ne pu\u021bin despre tine \u0219i cum te putem ajuta. Ob\u021bine\u021bi r\u0103spunsuri la toate \u00eentreb\u0103rile dvs. despre serviciul nostru online aici, de luni p\u00e2n\u0103 vineri, \u00eentre orele 9:30 \u0219i 17:30 (EET \/ GM+2)<\/h6>\n<p>[\/vc_column_text][\/vc_column][vc_column width=&#8221;1\/6&#8243;][\/vc_column][\/vc_row][vc_row gap=&#8221;35&#8243; css=&#8221;.vc_custom_1549635293233{padding-bottom: 80px !important;}&#8221;][vc_column width=&#8221;1\/2&#8243;][vc_column_text css=&#8221;.vc_custom_1637485056263{margin-bottom: 10px !important;}&#8221;]<\/p>\n<h6>Trimite un mesaj<\/h6>\n<p>[\/vc_column_text][vc_separator style=&#8221;dashed&#8221; border_width=&#8221;2&#8243;]        <div id=\"holder_babystreet_contactform69e0f2070f63e\" class=\"babystreet-contacts-holder babystreet-contacts-shortcode\" >\n                        <form action=\"https:\/\/energystudio-agency.ro\/demo2\/wp-admin\/admin-ajax.php\" method=\"post\" class=\"contact-form\">\n\t\t\t<div class=\"content babystreet_name\"> <span>Numele dumneavoastr\u0103:<\/span>\n\t\t\t<input type=\"text\" value=\"\" name=\"babystreet_name\" \/>\n\t\t\t\t\t<\/div>\n\n\t\t\t\t<div class=\"content babystreet_email\"> <span>Adresa de e-mail:<\/span>\n\t\t\t<input type=\"text\" value=\"\" name=\"babystreet_email\" \/>\n\t\t\t\t\t<\/div>\n\t\t\t\t<div class=\"content babystreet_phone\"> <span>Telefon:<\/span>\n\t\t\t<input type=\"text\" value=\"\" name=\"babystreet_phone\" \/>\n\t\t\t\t\t<\/div>\n\t\t\t\t<div class=\"content babystreet_address\"> <span>Adres\u0103:<\/span>\n\t\t\t<input type=\"text\" value=\"\" name=\"babystreet_address\" \/>\n\t\t\t\t\t<\/div>\n\t\t\t<div class=\"content babystreet_enquiry\"> <span>Mesaj text:<\/span>\n\t\t<textarea style=\"width: 99%;\" rows=\"10\" cols=\"40\" name=\"babystreet_enquiry\"><\/textarea>\n\t\t\t<\/div>\n\t\t\t\t\t<div class=\"content babystreet_form_test\">\n\t\t\tDemonstreaz\u0103 c\u0103 e\u0219ti om: <span class=constant>1<\/span> + <span class=random>5<\/span> = ? <input type=\"text\" value=\"\" name=\"babystreet_captcha_answer\" \/>\n\t\t<\/div>\n\t\t\t\t\t<div class=\"buttons\">\n\t\t<input type=\"hidden\" name=\"babystreet_contact_submitted\" value=\"5\">\n\t\t<input type=\"hidden\" name=\"shortcode_params_for_tpl\" value=\"{&quot;babystreet_title&quot;:&quot;&quot;,&quot;babystreet_contact_mail_to&quot;:&quot;&quot;,&quot;babystreet_simple_captcha&quot;:&quot;1&quot;,&quot;babystreet_contact_form_fields&quot;:&quot;name,email,phone,address&quot;}\">\n\t\t<div class=\"left\"><input class=\"button button-orange\" value=\"Trimite mesaj\" type=\"submit\"><\/div>\n\t<\/div>\n<\/form>\n        <\/div>\n        [\/vc_column][vc_column width=&#8221;1\/2&#8243;][vc_column_text css=&#8221;.vc_custom_1637485046299{margin-bottom: 10px !important;}&#8221;]<\/p>\n<h6>Date de contact<\/h6>\n<p>[\/vc_column_text][vc_separator style=&#8221;dashed&#8221; border_width=&#8221;2&#8243;][vc_row_inner css=&#8221;.vc_custom_1552041527835{margin-right: 0px !important;margin-bottom: 38px !important;margin-left: 0px !important;border-top-width: 2px !important;border-right-width: 2px !important;border-bottom-width: 2px !important;border-left-width: 2px !important;padding-top: 38px !important;padding-right: 20px !important;padding-bottom: 38px !important;padding-left: 20px !important;border-left-color: #f1f1f1 !important;border-left-style: dashed !important;border-right-color: #f1f1f1 !important;border-right-style: dashed !important;border-top-color: #f1f1f1 !important;border-top-style: dashed !important;border-bottom-color: #f1f1f1 !important;border-bottom-style: dashed !important;}&#8221;][vc_column_inner css=&#8221;.vc_custom_1549635609989{padding-top: 0px !important;}&#8221;][vc_column_text css=&#8221;.vc_custom_1637484868974{margin-bottom: 10px !important;}&#8221;]<\/p>\n<h6><span style=\"color: #333333;\">Magazin Online LTD<\/span><\/h6>\n<p>[\/vc_column_text][vc_column_text css=&#8221;.vc_custom_1637484895298{margin-bottom: 0px !important;}&#8221;]Adresa noastra,<br \/>\nBrasov, Romania[\/vc_column_text][\/vc_column_inner][\/vc_row_inner][vc_row_inner css=&#8221;.vc_custom_1552041534381{margin-right: 0px !important;margin-bottom: 38px !important;margin-left: 0px !important;border-top-width: 2px !important;border-right-width: 2px !important;border-bottom-width: 2px !important;border-left-width: 2px !important;padding-top: 38px !important;padding-right: 20px !important;padding-bottom: 40px !important;padding-left: 20px !important;background-color: #fafafa !important;border-left-color: #f1f1f1 !important;border-left-style: dashed !important;border-right-color: #f1f1f1 !important;border-right-style: dashed !important;border-top-color: #f1f1f1 !important;border-top-style: dashed !important;border-bottom-color: #f1f1f1 !important;border-bottom-style: dashed !important;border-radius: 4px !important;}&#8221;][vc_column_inner css=&#8221;.vc_custom_1549635615912{padding-top: 0px !important;}&#8221;][vc_column_text css=&#8221;.vc_custom_1637484921038{margin-bottom: 10px !important;}&#8221;]<\/p>\n<h6><span style=\"color: #333333;\">Vrei sa devi partenerul nostru ?<\/span><\/h6>\n<p>[\/vc_column_text][vc_column_text css=&#8221;.vc_custom_1637484955397{margin-bottom: 0px !important;}&#8221;]Dac\u0103 sunte\u021bi interesat de comenzi cu ridicata sau oportunit\u0103\u021bi \u0219i oferte de dealeri, contacta\u021bi-ne aici[\/vc_column_text][\/vc_column_inner][\/vc_row_inner][\/vc_column][\/vc_row]<\/p>\n","protected":false},"excerpt":{"rendered":"<p>[vc_row css=&#8221;.vc_custom_1549635049059{margin-bottom: 0px !important;padding-top: 80px !important;padding-bottom: 80px !important;}&#8221;][vc_column width=&#8221;1\/6&#8243;][\/vc_column][vc_column width=&#8221;2\/3&#8243;][vc_column_text] Aveti intrebari ? [\/vc_column_text][vc_column_text] Sau doar vreau s\u0103 spun Bun\u0103. Ne-ar pl\u0103cea s\u0103 v\u0103 cunoa\u0219tem. Poveste\u0219te-ne pu\u021bin despre tine \u0219i cum te putem ajuta. Ob\u021bine\u021bi r\u0103spunsuri la toate \u00eentreb\u0103rile dvs. despre serviciul nostru online aici, de luni p\u00e2n\u0103 vineri, \u00eentre orele 9:30 \u0219i 17:30 (EET&#8230;<a class=\"r_more_blog\" href=\"https:\/\/energystudio-agency.ro\/demo2\/contacts\/#more-2183\"> Continua\u021bi lectur\u0103<\/a><\/p>\n","protected":false},"author":1,"featured_media":0,"parent":0,"menu_order":0,"comment_status":"closed","ping_status":"closed","template":"","meta":{"footnotes":""},"class_list":["post-2183","page","type-page","status-publish","hentry"],"_links":{"self":[{"href":"https:\/\/energystudio-agency.ro\/demo2\/wp-json\/wp\/v2\/pages\/2183","targetHints":{"allow":["GET"]}}],"collection":[{"href":"https:\/\/energystudio-agency.ro\/demo2\/wp-json\/wp\/v2\/pages"}],"about":[{"href":"https:\/\/energystudio-agency.ro\/demo2\/wp-json\/wp\/v2\/types\/page"}],"author":[{"embeddable":true,"href":"https:\/\/energystudio-agency.ro\/demo2\/wp-json\/wp\/v2\/users\/1"}],"replies":[{"embeddable":true,"href":"https:\/\/energystudio-agency.ro\/demo2\/wp-json\/wp\/v2\/comments?post=2183"}],"version-history":[{"count":4,"href":"https:\/\/energystudio-agency.ro\/demo2\/wp-json\/wp\/v2\/pages\/2183\/revisions"}],"predecessor-version":[{"id":33245,"href":"https:\/\/energystudio-agency.ro\/demo2\/wp-json\/wp\/v2\/pages\/2183\/revisions\/33245"}],"wp:attachment":[{"href":"https:\/\/energystudio-agency.ro\/demo2\/wp-json\/wp\/v2\/media?parent=2183"}],"curies":[{"name":"wp","href":"https:\/\/api.w.org\/{rel}","templated":true}]}}