{"id":2891,"date":"2018-01-15T03:16:49","date_gmt":"2018-01-15T03:16:49","guid":{"rendered":"https:\/\/demo.woovina.net\/niche-00\/?page_id=10"},"modified":"2022-08-18T07:06:50","modified_gmt":"2022-08-18T07:06:50","slug":"despre-noi","status":"publish","type":"page","link":"https:\/\/energystudio-agency.ro\/demo9\/despre-noi\/","title":{"rendered":"Despre noi"},"content":{"rendered":"\t\t<div data-elementor-type=\"wp-post\" data-elementor-id=\"2891\" class=\"elementor elementor-2891\">\n\t\t\t\t\t\t<section class=\"elementor-section elementor-top-section elementor-element elementor-element-379ffb1 elementor-section-boxed elementor-section-height-default elementor-section-height-default\" data-id=\"379ffb1\" data-element_type=\"section\">\n\t\t\t\t\t\t<div class=\"elementor-container elementor-column-gap-default\">\n\t\t\t\t\t<div class=\"elementor-column elementor-col-100 elementor-top-column elementor-element elementor-element-55f083e\" data-id=\"55f083e\" data-element_type=\"column\">\n\t\t\t<div class=\"elementor-widget-wrap elementor-element-populated\">\n\t\t\t\t\t\t<div class=\"elementor-element elementor-element-66c98c7 text-contact elementor-widget elementor-widget-text-editor\" data-id=\"66c98c7\" data-element_type=\"widget\" data-widget_type=\"text-editor.default\">\n\t\t\t\t<div class=\"elementor-widget-container\">\n\t\t\t<style>\/*! elementor - v3.23.0 - 05-08-2024 *\/\n.elementor-widget-text-editor.elementor-drop-cap-view-stacked .elementor-drop-cap{background-color:#69727d;color:#fff}.elementor-widget-text-editor.elementor-drop-cap-view-framed .elementor-drop-cap{color:#69727d;border:3px solid;background-color:transparent}.elementor-widget-text-editor:not(.elementor-drop-cap-view-default) .elementor-drop-cap{margin-top:8px}.elementor-widget-text-editor:not(.elementor-drop-cap-view-default) .elementor-drop-cap-letter{width:1em;height:1em}.elementor-widget-text-editor .elementor-drop-cap{float:left;text-align:center;line-height:1;font-size:50px}.elementor-widget-text-editor .elementor-drop-cap-letter{display:inline-block}<\/style>\t\t\t\t<p>Despre noi<\/p>\t\t\t\t\t\t<\/div>\n\t\t\t\t<\/div>\n\t\t\t\t<div class=\"elementor-element elementor-element-c9a8d7b elementor-widget elementor-widget-text-editor\" data-id=\"c9a8d7b\" data-element_type=\"widget\" data-widget_type=\"text-editor.default\">\n\t\t\t\t<div class=\"elementor-widget-container\">\n\t\t\t\t\t\t\t<div class=\"wpb_text_column wpb_content_element vc_custom_1636528495453\" style=\"margin-bottom: 35px; color: #555555; font-family: 'Open Sans', Arial, Helvetica, sans-serif; font-size: 15px; font-style: normal; font-variant-ligatures: normal; font-variant-caps: normal; font-weight: 400; letter-spacing: normal; text-align: start;\"><div class=\"wpb_wrapper\"><p style=\"margin-bottom: 15px;\"><span style=\"text-align: justify;\">\u00a0 Demo site \u00ee\u0219i propune s\u0103 fie nelipsit de la cele mai importante evenimente ale familiei \u2013 cele de zi cu zi. Vindem h\u0103inu\u021be , dar \u00een acela\u0219i timp o larg\u0103 gam\u0103 de produse destinate copiilor ( precum o gam\u0103 variat\u0103 de juc\u0103rii \u0219i accesorii sport ). Ne dorim ca h\u0103inu\u021bele comercializate de noi s\u0103 devin\u0103 prima dumneavoastr\u0103 alegere nu doar pentru zile de na\u0219tere \u0219i baluri sau recep\u021bii , ci pentru tot ceea ce face cu adev\u0103rat special\u0103 via\u021ba de familie: prima noapte \u00een familie, primul pas, prima mas\u0103 , prima mas\u0103 copioas\u0103 sau prima lec\u021bie de g\u0103tit \u0219i lista poate continua . \u0218i chiar a doua, \u0219i toate celelalte care urmeaz\u0103. De asemenea , dorim ca toate produsele comercializate de noi s\u0103 fie pe placul \u0219i beneficiul copiilor dumneavoastr\u0103. Ne dorim s\u0103 aducem \u00een familie grija, confortul si \u00eencrederea de care orice p\u0103rinte are nevoie pentru copilul s\u0103u. V\u0103 mul\u021bumim pentru \u00eencrederea acordat\u0103 \u0219i sper\u0103m s\u0103 v\u0103 \u00eentoarce\u021bi cu drag pentru a doua oar\u0103 pentru a achizi\u021biona produsele Demo site.<\/span><\/p><\/div><\/div>\t\t\t\t\t\t<\/div>\n\t\t\t\t<\/div>\n\t\t\t\t\t<\/div>\n\t\t<\/div>\n\t\t\t\t\t<\/div>\n\t\t<\/section>\n\t\t\t\t<section class=\"elementor-section elementor-top-section elementor-element elementor-element-083dda7 elementor-section-height-min-height direction-ltr elementor-section-boxed elementor-section-height-default elementor-section-items-middle\" data-id=\"083dda7\" data-element_type=\"section\" data-settings=\"{&quot;background_background&quot;:&quot;classic&quot;}\">\n\t\t\t\t\t\t<div class=\"elementor-container elementor-column-gap-default\">\n\t\t\t\t\t<div class=\"elementor-column elementor-col-100 elementor-top-column elementor-element elementor-element-7e68125\" data-id=\"7e68125\" data-element_type=\"column\">\n\t\t\t<div class=\"elementor-widget-wrap elementor-element-populated\">\n\t\t\t\t\t\t<section class=\"elementor-section elementor-inner-section elementor-element elementor-element-542e8bd elementor-section-boxed elementor-section-height-default elementor-section-height-default\" data-id=\"542e8bd\" data-element_type=\"section\">\n\t\t\t\t\t\t<div class=\"elementor-container elementor-column-gap-default\">\n\t\t\t\t\t<div class=\"elementor-column elementor-col-50 elementor-inner-column elementor-element elementor-element-499f9b9\" data-id=\"499f9b9\" data-element_type=\"column\">\n\t\t\t<div class=\"elementor-widget-wrap elementor-element-populated\">\n\t\t\t\t\t\t<div class=\"elementor-element elementor-element-6b552de elementor-widget elementor-widget-image\" data-id=\"6b552de\" data-element_type=\"widget\" data-widget_type=\"image.default\">\n\t\t\t\t<div class=\"elementor-widget-container\">\n\t\t\t<style>\/*! elementor - v3.23.0 - 05-08-2024 *\/\n.elementor-widget-image{text-align:center}.elementor-widget-image a{display:inline-block}.elementor-widget-image a img[src$=\".svg\"]{width:48px}.elementor-widget-image img{vertical-align:middle;display:inline-block}<\/style>\t\t\t\t\t\t\t\t\t\t<img decoding=\"async\" width=\"298\" height=\"96\" src=\"https:\/\/energystudio-agency.ro\/demo9\/wp-content\/uploads\/2022\/08\/logo_retinablack-1.png\" class=\"attachment-large size-large wp-image-3884\" alt=\"\" \/>\t\t\t\t\t\t\t\t\t\t\t\t\t<\/div>\n\t\t\t\t<\/div>\n\t\t\t\t\t<\/div>\n\t\t<\/div>\n\t\t\t\t<div class=\"elementor-column elementor-col-50 elementor-inner-column elementor-element elementor-element-0db3f53\" data-id=\"0db3f53\" data-element_type=\"column\" data-settings=\"{&quot;background_background&quot;:&quot;classic&quot;}\">\n\t\t\t<div class=\"elementor-widget-wrap elementor-element-populated\">\n\t\t\t\t\t\t<div class=\"elementor-element elementor-element-240e801 elementor-widget elementor-widget-text-editor\" data-id=\"240e801\" data-element_type=\"widget\" data-widget_type=\"text-editor.default\">\n\t\t\t\t<div class=\"elementor-widget-container\">\n\t\t\t\t\t\t\t<div class=\"wpb_text_column wpb_content_element vc_custom_1636528495453\"><div class=\"wpb_wrapper\"><p style=\"text-align: center;\"><strong>S.C. energystudio S.R.L.<\/strong><br \/>CUI:45170307<br \/>Num\u0103r \u00eenregistrare : J1\/2800\/2020<\/p><\/div><\/div><div class=\"wpb_text_column wpb_content_element \"><div class=\"wpb_wrapper\"><h4 style=\"text-align: center;\">Telefon:<\/h4><p style=\"text-align: center;\">+40 741902964<\/p><h4 style=\"text-align: center;\">Email:<\/h4><p style=\"text-align: center;\">office@energystudio.ro<\/p><\/div><\/div>\t\t\t\t\t\t<\/div>\n\t\t\t\t<\/div>\n\t\t\t\t\t<\/div>\n\t\t<\/div>\n\t\t\t\t\t<\/div>\n\t\t<\/section>\n\t\t\t\t\t<\/div>\n\t\t<\/div>\n\t\t\t\t\t<\/div>\n\t\t<\/section>\n\t\t\t\t<\/div>\n\t\t","protected":false},"excerpt":{"rendered":"<p>Despre noi \u00a0 Demo site \u00ee\u0219i propune s\u0103 fie nelipsit de la cele mai importante evenimente ale familiei \u2013 cele de zi cu zi. Vindem h\u0103inu\u021be , dar \u00een acela\u0219i timp o larg\u0103 gam\u0103 de produse destinate copiilor ( precum o gam\u0103 variat\u0103 de juc\u0103rii \u0219i accesorii sport ). Ne dorim ca h\u0103inu\u021bele comercializate de [&hellip;]<\/p>\n","protected":false},"author":1,"featured_media":0,"parent":0,"menu_order":0,"comment_status":"closed","ping_status":"closed","template":"","meta":{"footnotes":""},"yst_prominent_words":[],"class_list":["post-2891","page","type-page","status-publish","hentry","entry","wvn-thumbs-layout-horizontal","wvn-btn-normal","wvn-tabs-layout-horizontal","has-no-thumbnails"],"_links":{"self":[{"href":"https:\/\/energystudio-agency.ro\/demo9\/wp-json\/wp\/v2\/pages\/2891","targetHints":{"allow":["GET"]}}],"collection":[{"href":"https:\/\/energystudio-agency.ro\/demo9\/wp-json\/wp\/v2\/pages"}],"about":[{"href":"https:\/\/energystudio-agency.ro\/demo9\/wp-json\/wp\/v2\/types\/page"}],"author":[{"embeddable":true,"href":"https:\/\/energystudio-agency.ro\/demo9\/wp-json\/wp\/v2\/users\/1"}],"replies":[{"embeddable":true,"href":"https:\/\/energystudio-agency.ro\/demo9\/wp-json\/wp\/v2\/comments?post=2891"}],"version-history":[{"count":7,"href":"https:\/\/energystudio-agency.ro\/demo9\/wp-json\/wp\/v2\/pages\/2891\/revisions"}],"predecessor-version":[{"id":3891,"href":"https:\/\/energystudio-agency.ro\/demo9\/wp-json\/wp\/v2\/pages\/2891\/revisions\/3891"}],"wp:attachment":[{"href":"https:\/\/energystudio-agency.ro\/demo9\/wp-json\/wp\/v2\/media?parent=2891"}],"wp:term":[{"taxonomy":"yst_prominent_words","embeddable":true,"href":"https:\/\/energystudio-agency.ro\/demo9\/wp-json\/wp\/v2\/yst_prominent_words?post=2891"}],"curies":[{"name":"wp","href":"https:\/\/api.w.org\/{rel}","templated":true}]}}