{"id":2979,"date":"2022-07-10T08:00:02","date_gmt":"2022-07-10T08:00:02","guid":{"rendered":"https:\/\/energystudio-agency.ro\/demo9\/?page_id=2979"},"modified":"2022-07-10T08:01:35","modified_gmt":"2022-07-10T08:01:35","slug":"formular-gdpr","status":"publish","type":"page","link":"https:\/\/energystudio-agency.ro\/demo9\/formular-gdpr\/","title":{"rendered":"FORMULAR GDPR"},"content":{"rendered":"<p><strong>Stimate vizitator,<\/strong><\/p>\n<p><strong>S.C. CADOURI SOFIA S.R.L.\u00a0<\/strong>consider\u0103 confiden\u021bialitatea datelor o component\u0103 esen\u021bial\u0103 \u00een afaceri. V\u0103 mul\u021bumim c\u0103 vizita\u021bi site-ul nostru. C\u00e2nd accesa\u021bi site-ul\u00a0www.dino-shop.ro, c\u00e2nd ne contacta\u021bi sau c\u00e2nd apela\u021bi la serviciile noastre, ne \u00eencredin\u021ba\u021bi informa\u021biile dvs. Respect\u0103m condiden\u021bialitatea partenerilor \u0219i clien\u021bilor no\u0219tri, nu oferim unor ter\u021be p\u0103r\u021bi liste sau adrese de e-mail.<\/p>\n<p>\u00cen conformitate cu Regulamentul General privind Protec\u021bia Datelor Personale (679\/2016) ce intr\u0103 \u00een vigoare din 25 mai 2018 avem rug\u0103mintea s\u0103 ne confirma\u021bi\/reconfirma\u021bi acordul dumneavoastr\u0103 referitor la colectarea \u0219i prelucrarea de c\u0103tre\u00a0<strong>S.C. CADOURI SOFIA S.R.L.<\/strong>a datelor furnizate de dumneavoastr\u0103 (nume persoana, denumire companie \u2013 acolo unde este cazul, adres\u0103 e-mail, telefon).<\/p>\n<p>Scopul colect\u0103rii \u0219i prelucr\u0103rii datelor este acela de a v\u0103 informa prin e-mail\/newsletter \u0219i \/ sau telefonic\/ cu privire la nouta\u021bi, oferte speciale, aspecte de interes din activitatea noastr\u0103 care v\u0103 pot fi utile \u00een calitate de partener \u0219i\/sau de a v\u0103 contacta prin e-mail\/telefon pentru actualizarea datelor colectate \u0219i prelucrate.<\/p>\n<p>Prin urmare, v\u0103 rug\u0103m s\u0103 confirma\u021bi op\u021biunea de a r\u0103m\u00e2ne \u00een leg\u0103tur\u0103 cu noi \u0219i pe mai departe. Ave\u021bi dreptul s\u0103 v\u0103 modifica\u021bi acordul oric\u00e2nd.<\/p>\n<p>[ninja_form id=2]<\/p>\n<p><em>Datele colectate \u0219i prelucrate de c\u0103tre\u00a0<strong>S.C. CADOURI SOFIA S.R.L.\u00a0<\/strong><\/em><em>nu sunt \/ nu vor fi \u00eenstr\u0103inate sau v\u00e2ndute c\u0103tre ter\u021bi!<\/em><\/p>\n<p><strong>Drepturile dumneavoastr\u0103<\/strong><\/p>\n<p>\u00cen orice moment pute\u021bi solicita la adresa de e-mail marketing@dino-shop.ro accesul la datele prelucrate \u0219i rectificarea datelor prelucrate.<\/p>\n<p>\u00cen orice moment pute\u021bi solicita la adresa de e-mail marketing@dino-shop.ro \u00eencetarea prelucr\u0103rii datelor \u0219i \u0219tergerea acestora. La \u00eencetarea prelucr\u0103rii \u0219i \u0219tergerea datelor vi se va remite \u00een 72 ore o confirmare de \u00eencetare a prelucr\u0103rii \u0219i de \u0219tergere a datelor prelucrate.<\/p>\n<p>\u00cen orice moment pute\u021bi solicita:<\/p>\n<ul>\n<li>\u00eencetarea transmiterii comunicarilor prin e-mail\/newsletter a nout\u0103\u021bilor\/ofertelor speciale la sf\u00e2r\u0219itul fiec\u0103rei comunic\u0103ri online transmise de\u00a0<em><strong>S.C. CADOURI SOFIA S.R.L.\u00a0<\/strong><\/em>sau printr-o solicitare scris\u0103 transmis\u0103 la adresa de e-mail office@sofia-gifts.ro<\/li>\n<\/ul>\n<p>\u00cen conformitate cu prevederile Regulamentului UE nr.679\/2016, v\u0103 rug\u0103m s\u0103 reg\u0103si\u021bi datele de contact ale\u00a0<em><strong>S.C. CADOURI SOFIA S.R.L.<\/strong><\/em><\/p>\n<div class=\"wpforms-container wpforms-container-full\" id=\"wpforms-2969\"><form id=\"wpforms-form-2969\" class=\"wpforms-validate wpforms-form wpforms-ajax-form\" data-formid=\"2969\" method=\"post\" enctype=\"multipart\/form-data\" action=\"\/demo9\/wp-json\/wp\/v2\/pages\/2979\" data-token=\"bf3b1c0ae2a939f638870d44c9917f05\"><noscript class=\"wpforms-error-noscript\">Please enable JavaScript in your browser to complete this form.<\/noscript><div class=\"wpforms-field-container\"><div id=\"wpforms-2969-field_0-container\" class=\"wpforms-field wpforms-field-name\" data-field-id=\"0\"><label class=\"wpforms-field-label\" for=\"wpforms-2969-field_0\">Nume <span class=\"wpforms-required-label\">*<\/span><\/label><div class=\"wpforms-field-row wpforms-field-medium\"><div class=\"wpforms-field-row-block wpforms-first wpforms-one-half\"><input type=\"text\" id=\"wpforms-2969-field_0\" class=\"wpforms-field-name-first wpforms-field-required\" name=\"wpforms[fields][0][first]\" placeholder=\"Nume\" required><label for=\"wpforms-2969-field_0\" class=\"wpforms-field-sublabel after wpforms-sublabel-hide\">First<\/label><\/div><div class=\"wpforms-field-row-block wpforms-one-half\"><input type=\"text\" id=\"wpforms-2969-field_0-last\" class=\"wpforms-field-name-last wpforms-field-required\" name=\"wpforms[fields][0][last]\" placeholder=\"Prenume\" required><label for=\"wpforms-2969-field_0-last\" class=\"wpforms-field-sublabel after wpforms-sublabel-hide\">Last<\/label><\/div><\/div><\/div><div id=\"wpforms-2969-field_1-container\" class=\"wpforms-field wpforms-field-email\" data-field-id=\"1\"><label class=\"wpforms-field-label\" for=\"wpforms-2969-field_1\">Email <span class=\"wpforms-required-label\">*<\/span><\/label><input type=\"email\" id=\"wpforms-2969-field_1\" class=\"wpforms-field-medium wpforms-field-required\" name=\"wpforms[fields][1]\" spellcheck=\"false\" required><\/div><div id=\"wpforms-2969-field_2-container\" class=\"wpforms-field wpforms-field-textarea\" data-field-id=\"2\"><label class=\"wpforms-field-label\" for=\"wpforms-2969-field_2\">Mesaj <span class=\"wpforms-required-label\">*<\/span><\/label><textarea id=\"wpforms-2969-field_2\" class=\"wpforms-field-medium wpforms-field-required\" name=\"wpforms[fields][2]\" required><\/textarea><\/div><\/div><!-- .wpforms-field-container --><div class=\"wpforms-submit-container\" ><input type=\"hidden\" name=\"wpforms[id]\" value=\"2969\"><input type=\"hidden\" name=\"wpforms[author]\" value=\"1\"><button type=\"submit\" name=\"wpforms[submit]\" id=\"wpforms-submit-2969\" class=\"wpforms-submit\" data-alt-text=\"Sending...\" data-submit-text=\"Trimite\" aria-live=\"assertive\" value=\"wpforms-submit\">Trimite<\/button><img decoding=\"async\" src=\"https:\/\/energystudio-agency.ro\/demo9\/wp-content\/plugins\/wpforms-lite\/assets\/images\/submit-spin.svg\" class=\"wpforms-submit-spinner\" style=\"display: none;\" width=\"26\" height=\"26\" alt=\"Loading\"><\/div><\/form><\/div>  <!-- .wpforms-container -->\n","protected":false},"excerpt":{"rendered":"<p>Stimate vizitator, S.C. CADOURI SOFIA S.R.L.\u00a0consider\u0103 confiden\u021bialitatea datelor o component\u0103 esen\u021bial\u0103 \u00een afaceri. V\u0103 mul\u021bumim c\u0103 vizita\u021bi site-ul nostru. C\u00e2nd accesa\u021bi site-ul\u00a0www.dino-shop.ro, c\u00e2nd ne contacta\u021bi sau c\u00e2nd apela\u021bi la serviciile noastre, ne \u00eencredin\u021ba\u021bi informa\u021biile dvs. Respect\u0103m condiden\u021bialitatea partenerilor \u0219i clien\u021bilor no\u0219tri, nu oferim unor ter\u021be p\u0103r\u021bi liste sau adrese de e-mail. \u00cen conformitate cu Regulamentul [&hellip;]<\/p>\n","protected":false},"author":1,"featured_media":0,"parent":0,"menu_order":0,"comment_status":"closed","ping_status":"closed","template":"","meta":{"footnotes":""},"yst_prominent_words":[],"class_list":["post-2979","page","type-page","status-publish","hentry","entry","wvn-thumbs-layout-horizontal","wvn-btn-normal","wvn-tabs-layout-horizontal","has-no-thumbnails"],"_links":{"self":[{"href":"https:\/\/energystudio-agency.ro\/demo9\/wp-json\/wp\/v2\/pages\/2979","targetHints":{"allow":["GET"]}}],"collection":[{"href":"https:\/\/energystudio-agency.ro\/demo9\/wp-json\/wp\/v2\/pages"}],"about":[{"href":"https:\/\/energystudio-agency.ro\/demo9\/wp-json\/wp\/v2\/types\/page"}],"author":[{"embeddable":true,"href":"https:\/\/energystudio-agency.ro\/demo9\/wp-json\/wp\/v2\/users\/1"}],"replies":[{"embeddable":true,"href":"https:\/\/energystudio-agency.ro\/demo9\/wp-json\/wp\/v2\/comments?post=2979"}],"version-history":[{"count":2,"href":"https:\/\/energystudio-agency.ro\/demo9\/wp-json\/wp\/v2\/pages\/2979\/revisions"}],"predecessor-version":[{"id":2981,"href":"https:\/\/energystudio-agency.ro\/demo9\/wp-json\/wp\/v2\/pages\/2979\/revisions\/2981"}],"wp:attachment":[{"href":"https:\/\/energystudio-agency.ro\/demo9\/wp-json\/wp\/v2\/media?parent=2979"}],"wp:term":[{"taxonomy":"yst_prominent_words","embeddable":true,"href":"https:\/\/energystudio-agency.ro\/demo9\/wp-json\/wp\/v2\/yst_prominent_words?post=2979"}],"curies":[{"name":"wp","href":"https:\/\/api.w.org\/{rel}","templated":true}]}}